{"id":73,"date":"2024-12-02T18:01:31","date_gmt":"2024-12-02T18:01:31","guid":{"rendered":"https:\/\/mayranpera.fi\/?page_id=73"},"modified":"2025-04-01T14:58:07","modified_gmt":"2025-04-01T14:58:07","slug":"tonttiporssi","status":"publish","type":"page","link":"https:\/\/mayranpera.fi\/?page_id=73","title":{"rendered":"Tonttip\u00f6rssi"},"content":{"rendered":"\n<h2 class=\"wp-block-heading\">Tonttip\u00f6rssi<\/h2>\n\n\n\n<figure class=\"wp-block-image size-medium\"><a href=\"https:\/\/mayranpera.fi\/wp-content\/uploads\/2024\/12\/i285415639405450314._rsw480h360.jpg\"><img loading=\"lazy\" decoding=\"async\" width=\"300\" height=\"294\" src=\"https:\/\/mayranpera.fi\/wp-content\/uploads\/2024\/12\/i285415639405450314._rsw480h360-300x294.jpg\" alt=\"\" class=\"wp-image-75\" srcset=\"https:\/\/mayranpera.fi\/wp-content\/uploads\/2024\/12\/i285415639405450314._rsw480h360-300x294.jpg 300w, https:\/\/mayranpera.fi\/wp-content\/uploads\/2024\/12\/i285415639405450314._rsw480h360-768x752.jpg 768w, https:\/\/mayranpera.fi\/wp-content\/uploads\/2024\/12\/i285415639405450314._rsw480h360.jpg 1000w\" sizes=\"auto, (max-width: 300px) 100vw, 300px\" \/><\/a><\/figure>\n\n\n\n<h3 class=\"wp-block-heading\">Vohon tontti<\/h3>\n\n\n\n<p>M\u00e4yr\u00e4nper\u00e4ll\u00e4 sillan luona joen etel\u00e4puolella. <br>Yhteystiedot: Risto Voho puh. 0400 380272<\/p>\n\n\n\n<div class=\"wp-block-columns is-layout-flex wp-container-core-columns-is-layout-9d6595d7 wp-block-columns-is-layout-flex\">\n<div class=\"wp-block-column is-layout-flow wp-block-column-is-layout-flow\" style=\"flex-basis:33.34%\">\n<figure class=\"wp-block-image size-full\"><a href=\"https:\/\/mayranpera.fi\/wp-content\/uploads\/2024\/12\/i285415639405450326._rsw480h360-1.jpg\"><img loading=\"lazy\" decoding=\"async\" width=\"1000\" height=\"963\" src=\"https:\/\/mayranpera.fi\/wp-content\/uploads\/2024\/12\/i285415639405450326._rsw480h360-1.jpg\" alt=\"\" class=\"wp-image-74\" style=\"aspect-ratio:1;object-fit:cover\" srcset=\"https:\/\/mayranpera.fi\/wp-content\/uploads\/2024\/12\/i285415639405450326._rsw480h360-1.jpg 1000w, https:\/\/mayranpera.fi\/wp-content\/uploads\/2024\/12\/i285415639405450326._rsw480h360-1-300x289.jpg 300w, https:\/\/mayranpera.fi\/wp-content\/uploads\/2024\/12\/i285415639405450326._rsw480h360-1-768x740.jpg 768w\" sizes=\"auto, (max-width: 1000px) 100vw, 1000px\" \/><\/a><\/figure>\n<\/div>\n\n\n\n<div class=\"wp-block-column is-layout-flow wp-block-column-is-layout-flow\" style=\"flex-basis:33.33%\">\n<figure class=\"wp-block-image size-large\"><a href=\"https:\/\/mayranpera.fi\/wp-content\/uploads\/2024\/12\/IMG-20230811-WA0001-1.jpg\"><img loading=\"lazy\" decoding=\"async\" width=\"1024\" height=\"577\" src=\"https:\/\/mayranpera.fi\/wp-content\/uploads\/2024\/12\/IMG-20230811-WA0001-1-1024x577.jpg\" alt=\"\" class=\"wp-image-76\" style=\"aspect-ratio:1;object-fit:cover\" srcset=\"https:\/\/mayranpera.fi\/wp-content\/uploads\/2024\/12\/IMG-20230811-WA0001-1-1024x577.jpg 1024w, https:\/\/mayranpera.fi\/wp-content\/uploads\/2024\/12\/IMG-20230811-WA0001-1-300x169.jpg 300w, https:\/\/mayranpera.fi\/wp-content\/uploads\/2024\/12\/IMG-20230811-WA0001-1-768x433.jpg 768w, https:\/\/mayranpera.fi\/wp-content\/uploads\/2024\/12\/IMG-20230811-WA0001-1.jpg 1500w\" sizes=\"auto, (max-width: 1024px) 100vw, 1024px\" \/><\/a><\/figure>\n<\/div>\n\n\n\n<div class=\"wp-block-column is-layout-flow wp-block-column-is-layout-flow\" style=\"flex-basis:33.33%\">\n<figure class=\"wp-block-image size-full\"><a href=\"https:\/\/mayranpera.fi\/wp-content\/uploads\/2024\/12\/IMG-20230811-WA0001.jpg\"><img loading=\"lazy\" decoding=\"async\" width=\"300\" height=\"225\" src=\"https:\/\/mayranpera.fi\/wp-content\/uploads\/2024\/12\/IMG-20230811-WA0001.jpg\" alt=\"\" class=\"wp-image-77\" style=\"aspect-ratio:1;object-fit:cover\"\/><\/a><\/figure>\n<\/div>\n<\/div>\n\n\n\n<h3 class=\"wp-block-heading\">Tuomikosken tontti<\/h3>\n\n\n\n<p>M\u00e4yr\u00e4nper\u00e4ll\u00e4 kaksi tonttia. Toinen sijaitsee M\u00e4yr\u00e4n sillan luona joen pohjoispuolella. <br>Yhteystiedot: Tarmo ja Kirsti Tuomikoski M\u00e4yr\u00e4ntie 279, 86530 Annonen, puh. 0400 587969 s\u00e4hk\u00f6posti: tarmo.tuomikoski@gmail.com<\/p>\n\n\n\n<figure class=\"wp-block-image size-medium\"><img loading=\"lazy\" decoding=\"async\" width=\"283\" height=\"300\" src=\"https:\/\/mayranpera.fi\/wp-content\/uploads\/2024\/12\/i285415639405450333._rsw480h360-283x300.jpg\" alt=\"\" class=\"wp-image-78\" srcset=\"https:\/\/mayranpera.fi\/wp-content\/uploads\/2024\/12\/i285415639405450333._rsw480h360-283x300.jpg 283w, https:\/\/mayranpera.fi\/wp-content\/uploads\/2024\/12\/i285415639405450333._rsw480h360-967x1024.jpg 967w, https:\/\/mayranpera.fi\/wp-content\/uploads\/2024\/12\/i285415639405450333._rsw480h360-768x813.jpg 768w, https:\/\/mayranpera.fi\/wp-content\/uploads\/2024\/12\/i285415639405450333._rsw480h360.jpg 1000w\" sizes=\"auto, (max-width: 283px) 100vw, 283px\" \/><\/figure>\n\n\n\n<h3 class=\"wp-block-heading\">Takalon tontti<\/h3>\n\n\n\n<p>Pietil\u00e4ntien Annosen puoli p\u00e4\u00e4ss\u00e4. Tontti joen puolella, ei rajoitu jokeen. Matkaa kalarikkaaseen Jylh\u00e4nkoskeen n. 60m, jonne yhteys yleist\u00e4 polkua pitkin. Kalastuksen lis\u00e4ksi my\u00f6s mets\u00e4styksen voi aloittaa kotiportailta (mm. hirvet). Vesi- ja s\u00e4hk\u00f6liittym\u00e4t l\u00e4hell\u00e4. 1 ha:n tontti tai lohkaistaan halutun kokoiseksi. Yhteystiedot: Sauli Takalo puh. 040 5447989<\/p>\n\n\n\n<h3 class=\"wp-block-heading\">Myyt\u00e4v\u00e4t talot<\/h3>\n\n\n\n<p><strong>Peltolantie 28<br><\/strong><a href=\"https:\/\/asunnot.oikotie.fi\/myytavat-asunnot\/oulainen\/17310135\">https:\/\/asunnot.oikotie.fi\/myytavat-asunnot\/oulainen\/17310135<\/a><\/p>\n\n\n\n<p><\/p>\n","protected":false},"excerpt":{"rendered":"<p>Tonttip\u00f6rssi Vohon tontti M\u00e4yr\u00e4nper\u00e4ll\u00e4 sillan luona joen etel\u00e4puolella. Yhteystiedot: Risto Voho puh. 0400 380272 Tuomikosken tontti M\u00e4yr\u00e4nper\u00e4ll\u00e4 kaksi tonttia. Toinen sijaitsee M\u00e4yr\u00e4n sillan luona joen&hellip;<\/p>\n","protected":false},"author":1,"featured_media":0,"parent":0,"menu_order":0,"comment_status":"closed","ping_status":"closed","template":"","meta":{"footnotes":""},"class_list":["post-73","page","type-page","status-publish","hentry"],"_links":{"self":[{"href":"https:\/\/mayranpera.fi\/index.php?rest_route=\/wp\/v2\/pages\/73","targetHints":{"allow":["GET"]}}],"collection":[{"href":"https:\/\/mayranpera.fi\/index.php?rest_route=\/wp\/v2\/pages"}],"about":[{"href":"https:\/\/mayranpera.fi\/index.php?rest_route=\/wp\/v2\/types\/page"}],"author":[{"embeddable":true,"href":"https:\/\/mayranpera.fi\/index.php?rest_route=\/wp\/v2\/users\/1"}],"replies":[{"embeddable":true,"href":"https:\/\/mayranpera.fi\/index.php?rest_route=%2Fwp%2Fv2%2Fcomments&post=73"}],"version-history":[{"count":6,"href":"https:\/\/mayranpera.fi\/index.php?rest_route=\/wp\/v2\/pages\/73\/revisions"}],"predecessor-version":[{"id":115,"href":"https:\/\/mayranpera.fi\/index.php?rest_route=\/wp\/v2\/pages\/73\/revisions\/115"}],"wp:attachment":[{"href":"https:\/\/mayranpera.fi\/index.php?rest_route=%2Fwp%2Fv2%2Fmedia&parent=73"}],"curies":[{"name":"wp","href":"https:\/\/api.w.org\/{rel}","templated":true}]}}