{"id":70,"date":"2024-12-02T17:55:16","date_gmt":"2024-12-02T17:55:16","guid":{"rendered":"https:\/\/mayranpera.fi\/?page_id=70"},"modified":"2025-04-01T14:54:17","modified_gmt":"2025-04-01T14:54:17","slug":"whatsapp","status":"publish","type":"page","link":"https:\/\/mayranpera.fi\/?page_id=70","title":{"rendered":"Whatsapp"},"content":{"rendered":"\n<h2 class=\"wp-block-heading\">Whatsapp<\/h2>\n\n\n\n<p>Kyl\u00e4n yhteinen WHATSAPP ryhm\u00e4 on perustettu, p\u00e4\u00e4set mukaan ottamalla yhteytt\u00e4 Tuulaan p. 0445324464.<\/p>\n\n\n\n<div style=\"height:100px\" aria-hidden=\"true\" class=\"wp-block-spacer\"><\/div>\n\n\n\n<div style=\"height:100px\" aria-hidden=\"true\" class=\"wp-block-spacer\"><\/div>\n","protected":false},"excerpt":{"rendered":"<p>Whatsapp Kyl\u00e4n yhteinen WHATSAPP ryhm\u00e4 on perustettu, p\u00e4\u00e4set mukaan ottamalla yhteytt\u00e4 Tuulaan p. 0445324464.<\/p>\n","protected":false},"author":1,"featured_media":0,"parent":0,"menu_order":0,"comment_status":"closed","ping_status":"closed","template":"","meta":{"footnotes":""},"class_list":["post-70","page","type-page","status-publish","hentry"],"_links":{"self":[{"href":"https:\/\/mayranpera.fi\/index.php?rest_route=\/wp\/v2\/pages\/70","targetHints":{"allow":["GET"]}}],"collection":[{"href":"https:\/\/mayranpera.fi\/index.php?rest_route=\/wp\/v2\/pages"}],"about":[{"href":"https:\/\/mayranpera.fi\/index.php?rest_route=\/wp\/v2\/types\/page"}],"author":[{"embeddable":true,"href":"https:\/\/mayranpera.fi\/index.php?rest_route=\/wp\/v2\/users\/1"}],"replies":[{"embeddable":true,"href":"https:\/\/mayranpera.fi\/index.php?rest_route=%2Fwp%2Fv2%2Fcomments&post=70"}],"version-history":[{"count":3,"href":"https:\/\/mayranpera.fi\/index.php?rest_route=\/wp\/v2\/pages\/70\/revisions"}],"predecessor-version":[{"id":112,"href":"https:\/\/mayranpera.fi\/index.php?rest_route=\/wp\/v2\/pages\/70\/revisions\/112"}],"wp:attachment":[{"href":"https:\/\/mayranpera.fi\/index.php?rest_route=%2Fwp%2Fv2%2Fmedia&parent=70"}],"curies":[{"name":"wp","href":"https:\/\/api.w.org\/{rel}","templated":true}]}}