{"id":59,"date":"2024-12-02T17:51:30","date_gmt":"2024-12-02T17:51:30","guid":{"rendered":"https:\/\/mayranpera.fi\/?page_id=59"},"modified":"2025-04-01T14:52:23","modified_gmt":"2025-04-01T14:52:23","slug":"jaseneksi","status":"publish","type":"page","link":"https:\/\/mayranpera.fi\/?page_id=59","title":{"rendered":"J\u00e4seneksi"},"content":{"rendered":"\n<h2 class=\"wp-block-heading has-large-font-size\">Tervetuloa mukaan toimintaan ja tapahtumiin!<\/h2>\n\n\n\n<p>Kyl\u00e4yhdistyksen j\u00e4senmaksut:<\/p>\n\n\n\n<p>5,00 \u20ac \/ henkil\u00f6<\/p>\n\n\n\n<p>10,00 \u20ac \/perhe<\/p>\n\n\n\n<p>20,00 \u20ac \/kannatusj\u00e4senmaksu<\/p>\n\n\n\n<p><strong>FI19 531301 20179 867<\/strong><\/p>\n\n\n\n<p><em>M\u00e4yr\u00e4nper\u00e4n kyl\u00e4yhdistys ry<\/em><\/p>\n\n\n\n<p><\/p>\n","protected":false},"excerpt":{"rendered":"<p>Tervetuloa mukaan toimintaan ja tapahtumiin! Kyl\u00e4yhdistyksen j\u00e4senmaksut: 5,00 \u20ac \/ henkil\u00f6 10,00 \u20ac \/perhe 20,00 \u20ac \/kannatusj\u00e4senmaksu FI19 531301 20179 867 M\u00e4yr\u00e4nper\u00e4n kyl\u00e4yhdistys ry<\/p>\n","protected":false},"author":1,"featured_media":0,"parent":0,"menu_order":0,"comment_status":"closed","ping_status":"closed","template":"","meta":{"footnotes":""},"class_list":["post-59","page","type-page","status-publish","hentry"],"_links":{"self":[{"href":"https:\/\/mayranpera.fi\/index.php?rest_route=\/wp\/v2\/pages\/59","targetHints":{"allow":["GET"]}}],"collection":[{"href":"https:\/\/mayranpera.fi\/index.php?rest_route=\/wp\/v2\/pages"}],"about":[{"href":"https:\/\/mayranpera.fi\/index.php?rest_route=\/wp\/v2\/types\/page"}],"author":[{"embeddable":true,"href":"https:\/\/mayranpera.fi\/index.php?rest_route=\/wp\/v2\/users\/1"}],"replies":[{"embeddable":true,"href":"https:\/\/mayranpera.fi\/index.php?rest_route=%2Fwp%2Fv2%2Fcomments&post=59"}],"version-history":[{"count":2,"href":"https:\/\/mayranpera.fi\/index.php?rest_route=\/wp\/v2\/pages\/59\/revisions"}],"predecessor-version":[{"id":108,"href":"https:\/\/mayranpera.fi\/index.php?rest_route=\/wp\/v2\/pages\/59\/revisions\/108"}],"wp:attachment":[{"href":"https:\/\/mayranpera.fi\/index.php?rest_route=%2Fwp%2Fv2%2Fmedia&parent=59"}],"curies":[{"name":"wp","href":"https:\/\/api.w.org\/{rel}","templated":true}]}}