{"id":38,"date":"2024-12-01T17:26:13","date_gmt":"2024-12-01T17:26:13","guid":{"rendered":"https:\/\/mayranpera.fi\/?page_id=38"},"modified":"2024-12-01T17:26:13","modified_gmt":"2024-12-01T17:26:13","slug":"yritykset","status":"publish","type":"page","link":"https:\/\/mayranpera.fi\/?page_id=38","title":{"rendered":"Yritykset"},"content":{"rendered":"\n<h2 class=\"wp-block-heading has-large-font-size\">Yritykset<\/h2>\n\n\n\n<p><strong>Hein\u00e4miehet<\/strong><\/p>\n\n\n\n<p>Hevosille ynn\u00e4 muille el\u00e4imille hein\u00e4\u00e4 latokuivurista pienpaaleissa.<br>S\u00e4il\u00f6hein\u00e4\u00e4 muovitetuissa py\u00f6r\u00f6paaleissa.<br>Kuljetus!<\/p>\n\n\n\n<p>Kari Somppi 040-715 8360<br>Jukka Salonp\u00e4\u00e4 040-571 7864<\/p>\n\n\n\n<p><strong><a href=\"http:\/\/peltolanmetsajamarja.fi\/\" target=\"_blank\" rel=\"noreferrer noopener\">Peltolan mets\u00e4 ja marja<\/a><\/strong><\/p>\n\n\n\n<p>Tmi Mets\u00e4 ja kone R. Voho<\/p>\n\n\n\n<p>Risto Voho 0400-380 272<\/p>\n\n\n\n<p><strong><a href=\"http:\/\/www.kuusistokoti.fi\/\" target=\"_blank\" rel=\"noreferrer noopener\">Pohjanmaan kuusistokoti<\/a><\/strong><\/p>\n\n\n\n<p>Kuusistokoti on mielenterveyden h\u00e4iri\u00f6ist\u00e4 ja p\u00e4ihdeongelmista k\u00e4rsivien ihmisten hoito- ja kuntoutumispaikka. Se sijaitsee luonnonkauniilla paikalla Pyh\u00e4joen rannalla, Oulaisten M\u00e4yr\u00e4nper\u00e4ll\u00e4.<\/p>\n\n\n\n<p>Kuusistokoti antaa mahdollisuuden monipuoliseen toimintaan ja rauhoittumiseen.<\/p>\n\n\n\n<p>040-7423 118&nbsp;<\/p>\n\n\n\n<p><strong><a href=\"http:\/\/akupunkkari.com\/\" target=\"_blank\" rel=\"noreferrer noopener\">Akupunkkari<\/a><\/strong><\/p>\n\n\n\n<p>Akupunkkari tarjoaa&nbsp;akupunktiohoitoja&nbsp;Oulaisten keskustan toimitilassa parina p\u00e4iv\u00e4n\u00e4 viikossa ja lis\u00e4ksi kotonani Oulaisten Matkanivassa l\u00e4hell\u00e4 Oulaisten ja Haapaveden rajaa.<\/p>\n\n\n\n<p>Akupunktiosta voi saada apua lukemattomiin vaivoihin mm. p\u00e4\u00e4ns\u00e4rky, migreeni, stressi, uniongelmat, kuukautish\u00e4iri\u00f6t, endometrioosi, erilaiset kiputilat, raajojen ongelmat, narskutus, bruksismi, tinnitus, kolmoishermos\u00e4rky jne. jne.&nbsp;<\/p>\n\n\n\n<p>Marjukka Ahlholm&nbsp;040-5264 072<\/p>\n\n\n\n<p><\/p>\n","protected":false},"excerpt":{"rendered":"<p>Yritykset Hein\u00e4miehet Hevosille ynn\u00e4 muille el\u00e4imille hein\u00e4\u00e4 latokuivurista pienpaaleissa.S\u00e4il\u00f6hein\u00e4\u00e4 muovitetuissa py\u00f6r\u00f6paaleissa.Kuljetus! Kari Somppi 040-715 8360Jukka Salonp\u00e4\u00e4 040-571 7864 Peltolan mets\u00e4 ja marja Tmi Mets\u00e4 ja&hellip;<\/p>\n","protected":false},"author":1,"featured_media":0,"parent":0,"menu_order":0,"comment_status":"closed","ping_status":"closed","template":"","meta":{"footnotes":""},"class_list":["post-38","page","type-page","status-publish","hentry"],"_links":{"self":[{"href":"https:\/\/mayranpera.fi\/index.php?rest_route=\/wp\/v2\/pages\/38","targetHints":{"allow":["GET"]}}],"collection":[{"href":"https:\/\/mayranpera.fi\/index.php?rest_route=\/wp\/v2\/pages"}],"about":[{"href":"https:\/\/mayranpera.fi\/index.php?rest_route=\/wp\/v2\/types\/page"}],"author":[{"embeddable":true,"href":"https:\/\/mayranpera.fi\/index.php?rest_route=\/wp\/v2\/users\/1"}],"replies":[{"embeddable":true,"href":"https:\/\/mayranpera.fi\/index.php?rest_route=%2Fwp%2Fv2%2Fcomments&post=38"}],"version-history":[{"count":1,"href":"https:\/\/mayranpera.fi\/index.php?rest_route=\/wp\/v2\/pages\/38\/revisions"}],"predecessor-version":[{"id":40,"href":"https:\/\/mayranpera.fi\/index.php?rest_route=\/wp\/v2\/pages\/38\/revisions\/40"}],"wp:attachment":[{"href":"https:\/\/mayranpera.fi\/index.php?rest_route=%2Fwp%2Fv2%2Fmedia&parent=38"}],"curies":[{"name":"wp","href":"https:\/\/api.w.org\/{rel}","templated":true}]}}